{"id":74,"date":"2025-01-28T12:00:54","date_gmt":"2025-01-28T11:00:54","guid":{"rendered":"https:\/\/anne-sechaud-consultants.fr\/?page_id=74"},"modified":"2025-01-28T12:00:54","modified_gmt":"2025-01-28T11:00:54","slug":"conseil-en-recherche-demploi","status":"publish","type":"page","link":"https:\/\/anne-sechaud-consultants.fr\/index.php\/conseil-en-recherche-demploi\/","title":{"rendered":"CONSEIL EN RECHERCHE D\u2019EMPLOI"},"content":{"rendered":"\n<p>Votre candidature doit \u00eatre op\u00e9rationnelle. Cela signifie :<\/p>\n\n\n\n<p style=\"margin-top:0;margin-bottom:0\">\u00b7 Traduire votre candidature dans des documents (lettres, CV), qui vous serviront d\u2019introduction pour obtenir des rendez-vous.<\/p>\n\n\n\n<p style=\"margin-top:0;margin-bottom:0\">\u00b7 D\u00e9finir une strat\u00e9gie valable pour p\u00e9n\u00e9trer l\u2019univers dans lequel vous souhaitez entrer.<\/p>\n\n\n\n<p style=\"margin-top:0;margin-bottom:0\">\u00b7 Etre cr\u00e9dible en parlant de vous et de votre projet.<\/p>\n\n\n\n<p><\/p>\n\n\n\n<p class=\"has-text-align-center\" style=\"margin-top:0;margin-bottom:0\">Nous vous aidons dans cette strat\u00e9gie en pr\u00e9parant avec vous :<\/p>\n\n\n\n<p><strong>Le C.V.<\/strong><\/p>\n\n\n\n<p style=\"margin-top:var(--wp--preset--spacing--20);margin-bottom:var(--wp--preset--spacing--20)\">Le C.V. est avant tout un outil de promotion de vous-m\u00eame. Son but principal est de vous aider \u00e0 obtenir<\/p>\n\n\n\n<p style=\"margin-top:var(--wp--preset--spacing--20);margin-bottom:var(--wp--preset--spacing--20)\">un entretien.<\/p>\n\n\n\n<p style=\"margin-top:var(--wp--preset--spacing--20);margin-bottom:var(--wp--preset--spacing--20)\">C\u2019est aussi la premi\u00e8re image que vous donnez de vous.<\/p>\n\n\n\n<p class=\"has-medium-font-size\"><strong>La lettre d\u2019accompagnement<\/strong><\/p>\n\n\n\n<p style=\"margin-top:var(--wp--preset--spacing--20);margin-bottom:var(--wp--preset--spacing--20)\">Elle doit donner envie \u00e0 son destinataire de vous rencontrer. C\u2019est une pr\u00e9sentation de votre projet, ainsi<\/p>\n\n\n\n<p style=\"margin-top:var(--wp--preset--spacing--20);margin-bottom:var(--wp--preset--spacing--20)\">qu\u2019une d\u00e9monstration de vos comp\u00e9tences en rapport avec les besoins de l\u2019entreprise.<\/p>\n\n\n\n<p style=\"margin-top:var(--wp--preset--spacing--20);margin-bottom:var(--wp--preset--spacing--20)\">Ce document doit \u00eatre adapt\u00e9 \u00e0 son objectif. Nous le pr\u00e9parons avec vous.<\/p>\n\n\n\n<p class=\"has-medium-font-size\"><strong>L\u2019entretien<\/strong><\/p>\n\n\n\n<p style=\"margin-top:var(--wp--preset--spacing--20);margin-bottom:var(--wp--preset--spacing--20)\">Nous vous y pr\u00e9parons par le biais de simulations et travaillons les techniques d\u2019entretien, notamment :<\/p>\n\n\n\n<p style=\"margin-top:var(--wp--preset--spacing--20);margin-bottom:var(--wp--preset--spacing--20)\">\u00b7 Le mat\u00e9riel n\u00e9cessaire \u00e0 l\u2019entretien.<\/p>\n\n\n\n<p style=\"margin-top:var(--wp--preset--spacing--20);margin-bottom:var(--wp--preset--spacing--20)\">\u00b7 La check-list avant l\u2019entretien.<\/p>\n\n\n\n<p style=\"margin-top:var(--wp--preset--spacing--20);margin-bottom:var(--wp--preset--spacing--20)\">\u00b7 La pr\u00e9sentation.<\/p>\n\n\n\n<p style=\"margin-top:var(--wp--preset--spacing--20);margin-bottom:var(--wp--preset--spacing--20)\">. Les questions qui vous seront pos\u00e9es.<\/p>\n\n\n\n<p style=\"margin-top:var(--wp--preset--spacing--20);margin-bottom:var(--wp--preset--spacing--20)\">\u00b7 Les questions que vous devrez poser.<\/p>\n\n\n\n<p style=\"margin-top:var(--wp--preset--spacing--20);margin-bottom:var(--wp--preset--spacing--20)\">\u00b7 Une connaissance des pr\u00e9occupations de votre interlocuteur et des probl\u00e8mes de son secteur<\/p>\n\n\n\n<p style=\"margin-top:var(--wp--preset--spacing--20);margin-bottom:var(--wp--preset--spacing--20)\">d\u2019activit\u00e9, etc&#8230;<\/p>\n","protected":false},"excerpt":{"rendered":"<p>Votre candidature doit \u00eatre op\u00e9rationnelle. Cela signifie : \u00b7 Traduire votre candidature dans des documents (lettres, CV), qui vous serviront [&hellip;]<\/p>\n","protected":false},"author":1,"featured_media":0,"parent":0,"menu_order":0,"comment_status":"closed","ping_status":"closed","template":"","meta":{"site-sidebar-layout":"default","site-content-layout":"","ast-site-content-layout":"default","site-content-style":"default","site-sidebar-style":"default","ast-global-header-display":"","ast-banner-title-visibility":"","ast-main-header-display":"","ast-hfb-above-header-display":"","ast-hfb-below-header-display":"","ast-hfb-mobile-header-display":"","site-post-title":"","ast-breadcrumbs-content":"","ast-featured-img":"","footer-sml-layout":"","ast-disable-related-posts":"","theme-transparent-header-meta":"","adv-header-id-meta":"","stick-header-meta":"","header-above-stick-meta":"","header-main-stick-meta":"","header-below-stick-meta":"","astra-migrate-meta-layouts":"default","ast-page-background-enabled":"default","ast-page-background-meta":{"desktop":{"background-color":"var(--ast-global-color-5)","background-image":"","background-repeat":"repeat","background-position":"center center","background-size":"auto","background-attachment":"scroll","background-type":"","background-media":"","overlay-type":"","overlay-color":"","overlay-opacity":"","overlay-gradient":""},"tablet":{"background-color":"","background-image":"","background-repeat":"repeat","background-position":"center center","background-size":"auto","background-attachment":"scroll","background-type":"","background-media":"","overlay-type":"","overlay-color":"","overlay-opacity":"","overlay-gradient":""},"mobile":{"background-color":"","background-image":"","background-repeat":"repeat","background-position":"center center","background-size":"auto","background-attachment":"scroll","background-type":"","background-media":"","overlay-type":"","overlay-color":"","overlay-opacity":"","overlay-gradient":""}},"ast-content-background-meta":{"desktop":{"background-color":"var(--ast-global-color-4)","background-image":"","background-repeat":"repeat","background-position":"center center","background-size":"auto","background-attachment":"scroll","background-type":"","background-media":"","overlay-type":"","overlay-color":"","overlay-opacity":"","overlay-gradient":""},"tablet":{"background-color":"var(--ast-global-color-4)","background-image":"","background-repeat":"repeat","background-position":"center center","background-size":"auto","background-attachment":"scroll","background-type":"","background-media":"","overlay-type":"","overlay-color":"","overlay-opacity":"","overlay-gradient":""},"mobile":{"background-color":"var(--ast-global-color-4)","background-image":"","background-repeat":"repeat","background-position":"center center","background-size":"auto","background-attachment":"scroll","background-type":"","background-media":"","overlay-type":"","overlay-color":"","overlay-opacity":"","overlay-gradient":""}},"footnotes":""},"class_list":["post-74","page","type-page","status-publish","hentry"],"_links":{"self":[{"href":"https:\/\/anne-sechaud-consultants.fr\/index.php\/wp-json\/wp\/v2\/pages\/74","targetHints":{"allow":["GET"]}}],"collection":[{"href":"https:\/\/anne-sechaud-consultants.fr\/index.php\/wp-json\/wp\/v2\/pages"}],"about":[{"href":"https:\/\/anne-sechaud-consultants.fr\/index.php\/wp-json\/wp\/v2\/types\/page"}],"author":[{"embeddable":true,"href":"https:\/\/anne-sechaud-consultants.fr\/index.php\/wp-json\/wp\/v2\/users\/1"}],"replies":[{"embeddable":true,"href":"https:\/\/anne-sechaud-consultants.fr\/index.php\/wp-json\/wp\/v2\/comments?post=74"}],"version-history":[{"count":1,"href":"https:\/\/anne-sechaud-consultants.fr\/index.php\/wp-json\/wp\/v2\/pages\/74\/revisions"}],"predecessor-version":[{"id":75,"href":"https:\/\/anne-sechaud-consultants.fr\/index.php\/wp-json\/wp\/v2\/pages\/74\/revisions\/75"}],"wp:attachment":[{"href":"https:\/\/anne-sechaud-consultants.fr\/index.php\/wp-json\/wp\/v2\/media?parent=74"}],"curies":[{"name":"wp","href":"https:\/\/api.w.org\/{rel}","templated":true}]}}