{"id":72,"date":"2025-01-28T11:54:05","date_gmt":"2025-01-28T10:54:05","guid":{"rendered":"https:\/\/anne-sechaud-consultants.fr\/?page_id=72"},"modified":"2025-01-28T11:54:05","modified_gmt":"2025-01-28T10:54:05","slug":"le-bilan-devaluation-personnel-et-professionnel","status":"publish","type":"page","link":"https:\/\/anne-sechaud-consultants.fr\/index.php\/le-bilan-devaluation-personnel-et-professionnel\/","title":{"rendered":"LE BILAN D\u2019EVALUATION PERSONNEL ET PROFESSIONNEL"},"content":{"rendered":"\n<p><strong>Le bilan d\u2019\u00e9valuation personnel et professionnel est un atout<\/strong><\/p>\n\n\n\n<p><strong>Incontournable pour l\u2019entreprise&nbsp;<\/strong><\/p>\n\n\n\n<p><strong>Dans le cadre d\u2019un recrutement<\/strong>, essentiel pour l\u2019entreprise, pour \u00e9valuer l\u2019ad\u00e9quation du candidat \u00e0 sa ressource humaine et \u00e0 sa culture dont il devra en \u00eatre une force vive pour participer \u00e0 son essor.<\/p>\n\n\n\n<p><strong>Dans le cadre de la mobilit\u00e9 professionnelle<\/strong>, pour \u00e9valuer l\u2019aptitude au changement du collaborateur et son degr\u00e9 de performance dans le cadre d\u2019une \u00e9volution possible au sein de l\u2019entreprise.<\/p>\n\n\n\n<p><strong>Nous sommes l\u00e0 pour vous y aider<\/strong> La synth\u00e8se des \u00e9valuations que nous pratiquons nous permet de d\u00e9terminer les comp\u00e9tences, le <strong>potentiel pr\u00e9sent et futur<\/strong> de chacun, avec une appr\u00e9ciation extr\u00eamement fine de la personnalit\u00e9 et des comportements.<\/p>\n\n\n\n<p><\/p>\n","protected":false},"excerpt":{"rendered":"<p>Le bilan d\u2019\u00e9valuation personnel et professionnel est un atout Incontournable pour l\u2019entreprise&nbsp; Dans le cadre d\u2019un recrutement, essentiel pour l\u2019entreprise, [&hellip;]<\/p>\n","protected":false},"author":1,"featured_media":0,"parent":0,"menu_order":0,"comment_status":"closed","ping_status":"closed","template":"","meta":{"site-sidebar-layout":"default","site-content-layout":"","ast-site-content-layout":"default","site-content-style":"default","site-sidebar-style":"default","ast-global-header-display":"","ast-banner-title-visibility":"","ast-main-header-display":"","ast-hfb-above-header-display":"","ast-hfb-below-header-display":"","ast-hfb-mobile-header-display":"","site-post-title":"","ast-breadcrumbs-content":"","ast-featured-img":"","footer-sml-layout":"","ast-disable-related-posts":"","theme-transparent-header-meta":"","adv-header-id-meta":"","stick-header-meta":"","header-above-stick-meta":"","header-main-stick-meta":"","header-below-stick-meta":"","astra-migrate-meta-layouts":"default","ast-page-background-enabled":"default","ast-page-background-meta":{"desktop":{"background-color":"var(--ast-global-color-5)","background-image":"","background-repeat":"repeat","background-position":"center center","background-size":"auto","background-attachment":"scroll","background-type":"","background-media":"","overlay-type":"","overlay-color":"","overlay-opacity":"","overlay-gradient":""},"tablet":{"background-color":"","background-image":"","background-repeat":"repeat","background-position":"center center","background-size":"auto","background-attachment":"scroll","background-type":"","background-media":"","overlay-type":"","overlay-color":"","overlay-opacity":"","overlay-gradient":""},"mobile":{"background-color":"","background-image":"","background-repeat":"repeat","background-position":"center center","background-size":"auto","background-attachment":"scroll","background-type":"","background-media":"","overlay-type":"","overlay-color":"","overlay-opacity":"","overlay-gradient":""}},"ast-content-background-meta":{"desktop":{"background-color":"var(--ast-global-color-4)","background-image":"","background-repeat":"repeat","background-position":"center center","background-size":"auto","background-attachment":"scroll","background-type":"","background-media":"","overlay-type":"","overlay-color":"","overlay-opacity":"","overlay-gradient":""},"tablet":{"background-color":"var(--ast-global-color-4)","background-image":"","background-repeat":"repeat","background-position":"center center","background-size":"auto","background-attachment":"scroll","background-type":"","background-media":"","overlay-type":"","overlay-color":"","overlay-opacity":"","overlay-gradient":""},"mobile":{"background-color":"var(--ast-global-color-4)","background-image":"","background-repeat":"repeat","background-position":"center center","background-size":"auto","background-attachment":"scroll","background-type":"","background-media":"","overlay-type":"","overlay-color":"","overlay-opacity":"","overlay-gradient":""}},"footnotes":""},"class_list":["post-72","page","type-page","status-publish","hentry"],"_links":{"self":[{"href":"https:\/\/anne-sechaud-consultants.fr\/index.php\/wp-json\/wp\/v2\/pages\/72","targetHints":{"allow":["GET"]}}],"collection":[{"href":"https:\/\/anne-sechaud-consultants.fr\/index.php\/wp-json\/wp\/v2\/pages"}],"about":[{"href":"https:\/\/anne-sechaud-consultants.fr\/index.php\/wp-json\/wp\/v2\/types\/page"}],"author":[{"embeddable":true,"href":"https:\/\/anne-sechaud-consultants.fr\/index.php\/wp-json\/wp\/v2\/users\/1"}],"replies":[{"embeddable":true,"href":"https:\/\/anne-sechaud-consultants.fr\/index.php\/wp-json\/wp\/v2\/comments?post=72"}],"version-history":[{"count":1,"href":"https:\/\/anne-sechaud-consultants.fr\/index.php\/wp-json\/wp\/v2\/pages\/72\/revisions"}],"predecessor-version":[{"id":73,"href":"https:\/\/anne-sechaud-consultants.fr\/index.php\/wp-json\/wp\/v2\/pages\/72\/revisions\/73"}],"wp:attachment":[{"href":"https:\/\/anne-sechaud-consultants.fr\/index.php\/wp-json\/wp\/v2\/media?parent=72"}],"curies":[{"name":"wp","href":"https:\/\/api.w.org\/{rel}","templated":true}]}}