{"id":64,"date":"2025-01-28T11:41:59","date_gmt":"2025-01-28T10:41:59","guid":{"rendered":"https:\/\/anne-sechaud-consultants.fr\/?page_id=64"},"modified":"2025-01-28T11:41:59","modified_gmt":"2025-01-28T10:41:59","slug":"le-coaching","status":"publish","type":"page","link":"https:\/\/anne-sechaud-consultants.fr\/index.php\/le-coaching\/","title":{"rendered":"LE COACHING"},"content":{"rendered":"\n<p>Le coaching est un accompagnement personnalis\u00e9 qui vise \u00e0 favoriser l\u2019autonomie et la responsabilit\u00e9. Centr\u00e9 sur la personne et le d\u00e9veloppement de sa performance, il permet \u00e0 l\u2019int\u00e9ress\u00e9 de d\u00e9velopper ses comp\u00e9tences et de mobiliser toutes ses ressources pour son profit et celui de l\u2019entreprise.<\/p>\n\n\n\n<p><strong>Cinq \u00e9tapes :<\/strong><\/p>\n\n\n\n<p>\u00b7 Diagnostic et identification des besoins. \u00b7<\/p>\n\n\n\n<p>\u00b7 Aide \u00e0 la mise en \u0153uvre de l\u2019engagement et du changement.<\/p>\n\n\n\n<p>\u00b7 Construction de l\u2019objectif, d\u00e9termination du but \u00e0 atteindre<\/p>\n\n\n\n<p>\u00b7 Activation des ressources, mobilisation de l\u2019\u00e9nergie de l\u2019action.<\/p>\n\n\n\n<p>\u00b7 Inscription de l\u2019action dans le temps.<\/p>\n\n\n\n<p><strong>RESULTATS :<\/strong><\/p>\n\n\n\n<p>Optimisation et d\u00e9veloppement du potentiel afin de faciliter une gestion autonome des situations<\/p>\n\n\n\n<p>professionnelles.<\/p>\n\n\n\n<p>Optimisation de la performance par l\u2019aide \u00e0 l\u2019\u00e9mergence de solutions personnelles en levant les<\/p>\n\n\n\n<p>obstacles comportementaux et situationnels.<\/p>\n","protected":false},"excerpt":{"rendered":"<p>Le coaching est un accompagnement personnalis\u00e9 qui vise \u00e0 favoriser l\u2019autonomie et la responsabilit\u00e9. Centr\u00e9 sur la personne et le [&hellip;]<\/p>\n","protected":false},"author":1,"featured_media":0,"parent":0,"menu_order":0,"comment_status":"closed","ping_status":"closed","template":"","meta":{"site-sidebar-layout":"default","site-content-layout":"","ast-site-content-layout":"default","site-content-style":"default","site-sidebar-style":"default","ast-global-header-display":"","ast-banner-title-visibility":"","ast-main-header-display":"","ast-hfb-above-header-display":"","ast-hfb-below-header-display":"","ast-hfb-mobile-header-display":"","site-post-title":"","ast-breadcrumbs-content":"","ast-featured-img":"","footer-sml-layout":"","ast-disable-related-posts":"","theme-transparent-header-meta":"","adv-header-id-meta":"","stick-header-meta":"","header-above-stick-meta":"","header-main-stick-meta":"","header-below-stick-meta":"","astra-migrate-meta-layouts":"default","ast-page-background-enabled":"default","ast-page-background-meta":{"desktop":{"background-color":"var(--ast-global-color-5)","background-image":"","background-repeat":"repeat","background-position":"center center","background-size":"auto","background-attachment":"scroll","background-type":"","background-media":"","overlay-type":"","overlay-color":"","overlay-opacity":"","overlay-gradient":""},"tablet":{"background-color":"","background-image":"","background-repeat":"repeat","background-position":"center center","background-size":"auto","background-attachment":"scroll","background-type":"","background-media":"","overlay-type":"","overlay-color":"","overlay-opacity":"","overlay-gradient":""},"mobile":{"background-color":"","background-image":"","background-repeat":"repeat","background-position":"center center","background-size":"auto","background-attachment":"scroll","background-type":"","background-media":"","overlay-type":"","overlay-color":"","overlay-opacity":"","overlay-gradient":""}},"ast-content-background-meta":{"desktop":{"background-color":"var(--ast-global-color-4)","background-image":"","background-repeat":"repeat","background-position":"center center","background-size":"auto","background-attachment":"scroll","background-type":"","background-media":"","overlay-type":"","overlay-color":"","overlay-opacity":"","overlay-gradient":""},"tablet":{"background-color":"var(--ast-global-color-4)","background-image":"","background-repeat":"repeat","background-position":"center center","background-size":"auto","background-attachment":"scroll","background-type":"","background-media":"","overlay-type":"","overlay-color":"","overlay-opacity":"","overlay-gradient":""},"mobile":{"background-color":"var(--ast-global-color-4)","background-image":"","background-repeat":"repeat","background-position":"center center","background-size":"auto","background-attachment":"scroll","background-type":"","background-media":"","overlay-type":"","overlay-color":"","overlay-opacity":"","overlay-gradient":""}},"footnotes":""},"class_list":["post-64","page","type-page","status-publish","hentry"],"_links":{"self":[{"href":"https:\/\/anne-sechaud-consultants.fr\/index.php\/wp-json\/wp\/v2\/pages\/64","targetHints":{"allow":["GET"]}}],"collection":[{"href":"https:\/\/anne-sechaud-consultants.fr\/index.php\/wp-json\/wp\/v2\/pages"}],"about":[{"href":"https:\/\/anne-sechaud-consultants.fr\/index.php\/wp-json\/wp\/v2\/types\/page"}],"author":[{"embeddable":true,"href":"https:\/\/anne-sechaud-consultants.fr\/index.php\/wp-json\/wp\/v2\/users\/1"}],"replies":[{"embeddable":true,"href":"https:\/\/anne-sechaud-consultants.fr\/index.php\/wp-json\/wp\/v2\/comments?post=64"}],"version-history":[{"count":1,"href":"https:\/\/anne-sechaud-consultants.fr\/index.php\/wp-json\/wp\/v2\/pages\/64\/revisions"}],"predecessor-version":[{"id":65,"href":"https:\/\/anne-sechaud-consultants.fr\/index.php\/wp-json\/wp\/v2\/pages\/64\/revisions\/65"}],"wp:attachment":[{"href":"https:\/\/anne-sechaud-consultants.fr\/index.php\/wp-json\/wp\/v2\/media?parent=64"}],"curies":[{"name":"wp","href":"https:\/\/api.w.org\/{rel}","templated":true}]}}