{"id":56,"date":"2025-01-28T11:30:44","date_gmt":"2025-01-28T10:30:44","guid":{"rendered":"https:\/\/anne-sechaud-consultants.fr\/?page_id=56"},"modified":"2025-01-28T11:30:44","modified_gmt":"2025-01-28T10:30:44","slug":"le-recrutement","status":"publish","type":"page","link":"https:\/\/anne-sechaud-consultants.fr\/index.php\/le-recrutement\/","title":{"rendered":"LE RECRUTEMENT"},"content":{"rendered":"\n<p>Nos modalit\u00e9s d\u2019intervention \u00e0 cet \u00e9gard sont particuli\u00e8rement affin\u00e9es et ob\u00e9issent \u00e0 trois imp\u00e9ratifs principaux :<\/p>\n\n\n\n<p>La conformit\u00e9 aux besoins doit-\u00eatre en ad\u00e9quation avec le \u00ab cahier des charges \u00bb d\u00e9fini par l\u2019entreprise<\/p>\n\n\n\n<p>La personnalit\u00e9 et les valeurs du candidat doivent \u00eatre en harmonie avec celles des dirigeants et correspondre \u00e0 la culture d\u2019entreprise<\/p>\n\n\n\n<p>Les comp\u00e9tences et la motivation du candidat doivent s\u2019int\u00e9grer au m\u00e9tier de l\u2019entreprise et \u00e0 sa sp\u00e9cialit\u00e9 en fonction du contexte \u00e9conomique de ses activit\u00e9s<\/p>\n\n\n\n<p>La \u00ab cr\u00e9ation de valeur \u00bb est une affaire de personne humaine dont l\u2019int\u00e9gration r\u00e9ussie est le meilleur garant de la p\u00e9rennit\u00e9 de l\u2019entreprise.<\/p>\n\n\n\n<p><strong>RESULTATS :<\/strong><\/p>\n\n\n\n<p>Des collaborateurs<\/p>\n\n\n\n<p>\u00b7 Efficaces, aptes \u00e0 \u00e9voluer et \u00e0 s\u2019adapter aux nouvelles orientations de l\u2019entreprise.<\/p>\n\n\n\n<p>\u00b7 Impliqu\u00e9s qui adh\u00e8rent naturellement \u00e0 la culture d\u2019entreprise.<\/p>\n\n\n\n<p>\u00b7 Disponibles et investis dans leur fonction.<\/p>\n\n\n\n<p>Une garantie de \u00ab bonne fin \u00bb est assur\u00e9e dans tous les recrutements par des contacts suivis et nos interventions sur le terrain si n\u00e9cessaire.<\/p>\n\n\n\n<p>Si le candidat retenu ne donne pas satisfaction au cours de sa p\u00e9riode d\u2019essai, le recrutement est renouvel\u00e9 sans frais suppl\u00e9mentaires.<\/p>\n","protected":false},"excerpt":{"rendered":"<p>Nos modalit\u00e9s d\u2019intervention \u00e0 cet \u00e9gard sont particuli\u00e8rement affin\u00e9es et ob\u00e9issent \u00e0 trois imp\u00e9ratifs principaux : La conformit\u00e9 aux besoins [&hellip;]<\/p>\n","protected":false},"author":1,"featured_media":0,"parent":0,"menu_order":0,"comment_status":"closed","ping_status":"closed","template":"","meta":{"site-sidebar-layout":"default","site-content-layout":"","ast-site-content-layout":"default","site-content-style":"default","site-sidebar-style":"default","ast-global-header-display":"","ast-banner-title-visibility":"","ast-main-header-display":"","ast-hfb-above-header-display":"","ast-hfb-below-header-display":"","ast-hfb-mobile-header-display":"","site-post-title":"","ast-breadcrumbs-content":"","ast-featured-img":"","footer-sml-layout":"","ast-disable-related-posts":"","theme-transparent-header-meta":"","adv-header-id-meta":"","stick-header-meta":"","header-above-stick-meta":"","header-main-stick-meta":"","header-below-stick-meta":"","astra-migrate-meta-layouts":"default","ast-page-background-enabled":"default","ast-page-background-meta":{"desktop":{"background-color":"var(--ast-global-color-5)","background-image":"","background-repeat":"repeat","background-position":"center center","background-size":"auto","background-attachment":"scroll","background-type":"","background-media":"","overlay-type":"","overlay-color":"","overlay-opacity":"","overlay-gradient":""},"tablet":{"background-color":"","background-image":"","background-repeat":"repeat","background-position":"center center","background-size":"auto","background-attachment":"scroll","background-type":"","background-media":"","overlay-type":"","overlay-color":"","overlay-opacity":"","overlay-gradient":""},"mobile":{"background-color":"","background-image":"","background-repeat":"repeat","background-position":"center center","background-size":"auto","background-attachment":"scroll","background-type":"","background-media":"","overlay-type":"","overlay-color":"","overlay-opacity":"","overlay-gradient":""}},"ast-content-background-meta":{"desktop":{"background-color":"var(--ast-global-color-4)","background-image":"","background-repeat":"repeat","background-position":"center center","background-size":"auto","background-attachment":"scroll","background-type":"","background-media":"","overlay-type":"","overlay-color":"","overlay-opacity":"","overlay-gradient":""},"tablet":{"background-color":"var(--ast-global-color-4)","background-image":"","background-repeat":"repeat","background-position":"center center","background-size":"auto","background-attachment":"scroll","background-type":"","background-media":"","overlay-type":"","overlay-color":"","overlay-opacity":"","overlay-gradient":""},"mobile":{"background-color":"var(--ast-global-color-4)","background-image":"","background-repeat":"repeat","background-position":"center center","background-size":"auto","background-attachment":"scroll","background-type":"","background-media":"","overlay-type":"","overlay-color":"","overlay-opacity":"","overlay-gradient":""}},"footnotes":""},"class_list":["post-56","page","type-page","status-publish","hentry"],"_links":{"self":[{"href":"https:\/\/anne-sechaud-consultants.fr\/index.php\/wp-json\/wp\/v2\/pages\/56","targetHints":{"allow":["GET"]}}],"collection":[{"href":"https:\/\/anne-sechaud-consultants.fr\/index.php\/wp-json\/wp\/v2\/pages"}],"about":[{"href":"https:\/\/anne-sechaud-consultants.fr\/index.php\/wp-json\/wp\/v2\/types\/page"}],"author":[{"embeddable":true,"href":"https:\/\/anne-sechaud-consultants.fr\/index.php\/wp-json\/wp\/v2\/users\/1"}],"replies":[{"embeddable":true,"href":"https:\/\/anne-sechaud-consultants.fr\/index.php\/wp-json\/wp\/v2\/comments?post=56"}],"version-history":[{"count":1,"href":"https:\/\/anne-sechaud-consultants.fr\/index.php\/wp-json\/wp\/v2\/pages\/56\/revisions"}],"predecessor-version":[{"id":57,"href":"https:\/\/anne-sechaud-consultants.fr\/index.php\/wp-json\/wp\/v2\/pages\/56\/revisions\/57"}],"wp:attachment":[{"href":"https:\/\/anne-sechaud-consultants.fr\/index.php\/wp-json\/wp\/v2\/media?parent=56"}],"curies":[{"name":"wp","href":"https:\/\/api.w.org\/{rel}","templated":true}]}}