{"id":139,"date":"2025-01-29T13:27:15","date_gmt":"2025-01-29T12:27:15","guid":{"rendered":"https:\/\/anne-sechaud-consultants.fr\/?page_id=139"},"modified":"2025-01-29T13:27:15","modified_gmt":"2025-01-29T12:27:15","slug":"rgpd","status":"publish","type":"page","link":"https:\/\/anne-sechaud-consultants.fr\/index.php\/rgpd\/","title":{"rendered":"RGPD"},"content":{"rendered":"\n<h3 class=\"wp-block-heading has-text-align-center\"><strong>PROTECTION DES DONNEES PERSONNELLES<\/strong><\/h3>\n\n\n\n<p>Anne S\u00e9chaud Consultants est responsable du traitement des donn\u00e9es personnelles que vous lui confiez. Le pr\u00e9sent document a pour objet de vous informer de la mani\u00e8re dont nous utilisons et prot\u00e9geons vos donn\u00e9es personnelles en application des obligations l\u00e9gales de s\u00e9curit\u00e9 et de confidentialit\u00e9, ainsi que des raisons pour lesquelles nous traitons ces donn\u00e9es.<\/p>\n\n\n\n<p><strong>INFORMATIONS COLLECT\u00c9ES<\/strong><\/p>\n\n\n\n<p>Nous collectons et utilisons uniquement les donn\u00e9es personnelles qui nous sont n\u00e9cessaires dans le cadre de notre activit\u00e9 pour vous proposer des services personnalis\u00e9s et de qualit\u00e9.<br>Nous pouvons \u00eatre amen\u00e9s \u00e0 collecter diff\u00e9rentes cat\u00e9gories de donn\u00e9es personnelles aupr\u00e8s de vous, notamment :<\/p>\n\n\n\n<ul class=\"wp-block-list\">\n<li>Informations d\u2019identification et de contact (nom, pr\u00e9nom, adresse postale et \u00e9lectronique, num\u00e9ro de t\u00e9l\u00e9phone, civilit\u00e9\u2026) ;<\/li>\n\n\n\n<li>Informations relatives \u00e0 la formation et \u00e0 l\u2019emploi (CV, niveau d\u2019\u00e9tudes, emplois, noms de vos employeurs\u2026) ;<\/li>\n\n\n\n<li>Les donn\u00e9es li\u00e9es aux propositions d\u2019emploi auxquelles vous avez r\u00e9pondu (mobilit\u00e9, disponibilit\u00e9, fonction recherch\u00e9e, secteur d\u2019activit\u00e9 recherch\u00e9, r\u00e9mun\u00e9ration, \u00e9valuation de personnalit\u00e9\u2026);<\/li>\n\n\n\n<li>Les donn\u00e9es relatives aux interactions avec nous : compte-rendu d\u2019entretien, questionnaires pr\u00e9alables ou in situ, rapports d\u2019\u00e9valuation, dans les courriers \u00e9lectroniques ;<\/li>\n<\/ul>\n\n\n\n<p>Nous ne traitons jamais de donn\u00e9es relatives \u00e0 vos origines raciales ou ethniques, vos opinions politiques, votre religion, vos convictions philosophiques ou votre appartenance syndicale, au traitement des donn\u00e9es g\u00e9n\u00e9tiques, votre vie ou orientation sexuelle.<\/p>\n\n\n\n<p><strong>MODALITES D\u2019UTILISATION DE VOS DONN\u00c9ES PERSONNELLES<\/strong><\/p>\n\n\n\n<p>Nous utilisons vos donn\u00e9es personnelles dans le but de bien vous conna\u00eetre et de vous fournir des informations pr\u00e9alables adapt\u00e9es \u00e0 votre situation, notamment de&nbsp;vous proposer des projets professionnels en ad\u00e9quation avec vos motivations et comp\u00e9tences mais aussi de&nbsp;vous proposer un service adapt\u00e9 \u00e0 vos souhaits sous toute forme de communication (\u00e9crite, verbale, num\u00e9rique \u2026)<\/p>\n\n\n\n<p><strong>DIVULGATION DE VOS DONN\u00c9ES PERSONNELLES<\/strong><\/p>\n\n\n\n<p>Vos donn\u00e9es personnelles ne sont jamais divulgu\u00e9es par &#8211; Anne S\u00e9chaud Consultants \u2013<\/p>\n\n\n\n<p><strong>DUREE DE CONSERVATION DE VOS DONN\u00c9ES PERSONNELLES<\/strong><\/p>\n\n\n\n<p>Concernant les b\u00e9n\u00e9ficiaires des bilans de comp\u00e9tences, toutes les donn\u00e9es sont d\u00e9truites d\u00e8s la fin du bilan, dans un d\u00e9lai de six mois \u00e0 8 mois- sauf avec l\u2019accord explicite et \u00e9crit du b\u00e9n\u00e9ficiaire du bilan, dans le cadre d\u2019un suivi post bilan.<\/p>\n\n\n\n<p>VOS DROITS ET VOS RECOURS EN CAS DE BESOIN&nbsp;:<\/p>\n\n\n\n<p>Conform\u00e9ment \u00e0 la r\u00e9glementation en vigueur, vous disposez de diff\u00e9rents droits, \u00e0 savoir :<\/p>\n\n\n\n<ul class=\"wp-block-list\">\n<li>Droit d\u2019acc\u00e8s : vous pouvez obtenir des informations concernant le traitement de vos donn\u00e9es personnelles.<\/li>\n\n\n\n<li>Droit de rectification et d\u2019opposition si vous estimez que vos donn\u00e9es personnelles sont inexactes ou incompl\u00e8tes, vous pouvez exiger que ces donn\u00e9es personnelles soient modifi\u00e9es en cons\u00e9quence.<\/li>\n<\/ul>\n\n\n\n<ul class=\"wp-block-list\">\n<li>Droit \u00e0 l\u2019effacement : vous pouvez exiger l\u2019effacement de vos donn\u00e9es personnelles dans la limite de ce qui est permis par la r\u00e9glementation.<\/li>\n<\/ul>\n\n\n\n<ul class=\"wp-block-list\">\n<li>Droit \u00e0 la limitation du traitement : vous pouvez demander la limitation de traitement de vos donn\u00e9es personnelles.<\/li>\n\n\n\n<li>Droit d\u2019opposition : vous pouvez vous opposer au traitement de vos donn\u00e9es personnelles, pour des motifs li\u00e9s \u00e0 votre situation particuli\u00e8re. Vous disposez du droit absolu de vous opposer au traitement de vos donn\u00e9es personnelles \u00e0 des fins de prospection commerciale, y compris le profilage li\u00e9 \u00e0 cette prospection.<\/li>\n\n\n\n<li>Droit \u00e0 la portabilit\u00e9 de vos donn\u00e9es, quand ce droit est applicable, vous avez le droit que les donn\u00e9es personnelles que vous nous avez fournies vous soient rendues ou, lorsque cela est possible techniquement, de les transf\u00e9rer \u00e0 un tiers.<\/li>\n\n\n\n<li>Droit de d\u00e9finir des directives relatives \u00e0 la conservation, l\u2019effacement ou la communication de vos donn\u00e9es personnelles, applicables apr\u00e8s votre d\u00e9c\u00e8s.<\/li>\n\n\n\n<li>Droit de retirer votre consentement : si vous avez donn\u00e9 votre consentement au traitement de vos donn\u00e9es personnelles, vous avez le droit de retirer votre consentement \u00e0 tout moment.<\/li>\n<\/ul>\n\n\n\n<p>Vous pouvez exercer les droits list\u00e9s ci-dessus, par courrier adress\u00e9 \u00e0 &#8211; Anne S\u00e9chaud Consultants \u2013<\/p>\n\n\n\n<p>8 Bd Volney \u2013 35700 Rennes<\/p>\n\n\n\n<p>Conform\u00e9ment \u00e0 la r\u00e9glementation applicable, vous \u00eates en droit d\u2019introduire une r\u00e9clamation aupr\u00e8s de l\u2019autorit\u00e9 de contr\u00f4le comp\u00e9tente telle que la CNIL (Commission Nationale de l\u2019Informatique et des Libert\u00e9s) en France.<\/p>\n\n\n\n<p>DE QUELLE MANI\u00c8RE POUVEZ-VOUS PRENDRE CONNAISSANCE DES MODIFICATIONS APPORT\u00c9ES \u00c0 CE DOCUMENT D\u2019INFORMATION SUR LES DONN\u00c9ES PERSONNELLES ?<\/p>\n\n\n\n<p>En fonction des \u00e9volutions technologiques ou juridiques en cours nous actualiserons r\u00e9guli\u00e8rement ce document d\u2019information.<\/p>\n\n\n\n<p>Nous vous invitons \u00e0 prendre connaissance de la derni\u00e8re version de ce document sur notre site <a href=\"http:\/\/www.anne-sechaud-consultants.fr\">www.anne-sechaud-consultants.fr<\/a><\/p>\n\n\n\n<p>Nous restons naturellement \u00e0 votre disposition pour toute question.<\/p>\n\n\n\n<p>J\u2019atteste avoir pris connaissance des informations concernant le traitement de mes donn\u00e9es personnelles.<\/p>\n\n\n\n<p>Je souhaite que mes donn\u00e9es personnelles soient conserv\u00e9es :<\/p>\n\n\n\n<p>\u2610&nbsp;&nbsp; OUI&nbsp;&nbsp;&nbsp;&nbsp;&nbsp;&nbsp;&nbsp;&nbsp;&nbsp;&nbsp;&nbsp;&nbsp;&nbsp;&nbsp;&nbsp;&nbsp;&nbsp;&nbsp;&nbsp;&nbsp;&nbsp;&nbsp;&nbsp;&nbsp;&nbsp;&nbsp;&nbsp;&nbsp;&nbsp;&nbsp;&nbsp;&nbsp;&nbsp;&nbsp;&nbsp;&nbsp;&nbsp;&nbsp;&nbsp;&nbsp;&nbsp;&nbsp;&nbsp;&nbsp;&nbsp;&nbsp;&nbsp;&nbsp;&nbsp;&nbsp;&nbsp;&nbsp;&nbsp;&nbsp;&nbsp;&nbsp;&nbsp;&nbsp;&nbsp;&nbsp;&nbsp;&nbsp;&nbsp;&nbsp;&nbsp;&nbsp;&nbsp;&nbsp;&nbsp;&nbsp;&nbsp;&nbsp;&nbsp;&nbsp;&nbsp;&nbsp;&nbsp;&nbsp;&nbsp;&nbsp;&nbsp;&nbsp;&nbsp;&nbsp;&nbsp;&nbsp;&nbsp;&nbsp;&nbsp;&nbsp;&nbsp;&nbsp;&nbsp;&nbsp;&nbsp;&nbsp;&nbsp;&nbsp;&nbsp;&nbsp;&nbsp;&nbsp;&nbsp;&nbsp;&nbsp;&nbsp;&nbsp;&nbsp;&nbsp;&nbsp;&nbsp;&nbsp;&nbsp;&nbsp;&nbsp;&nbsp;&nbsp;&nbsp;&nbsp;&nbsp;&nbsp;&nbsp;&nbsp;&nbsp;&nbsp;&nbsp;&nbsp;&nbsp;&nbsp;&nbsp;&nbsp;&nbsp;&nbsp;&nbsp;&nbsp;&nbsp;&nbsp;&nbsp;&nbsp;&nbsp;&nbsp;&nbsp;&nbsp;&nbsp;&nbsp;&nbsp;&nbsp;&nbsp;&nbsp;&nbsp;&nbsp;&nbsp;&nbsp;&nbsp;&nbsp;<\/p>\n\n\n\n<p>\u2610&nbsp;&nbsp; NON<\/p>\n\n\n\n<p><\/p>\n\n\n\n<p><\/p>\n\n\n\n<p><\/p>\n\n\n\n<p><\/p>\n\n\n\n<p><\/p>\n\n\n\n<p><\/p>\n\n\n\n<p><\/p>\n\n\n\n<p><\/p>\n\n\n\n<p><\/p>\n\n\n\n<p><\/p>\n\n\n\n<p><\/p>\n\n\n\n<p><\/p>\n\n\n\n<p><\/p>\n\n\n\n<p><\/p>\n\n\n\n<p><\/p>\n\n\n\n<p><\/p>\n\n\n\n<p><\/p>\n\n\n\n<p><\/p>\n\n\n\n<p><\/p>\n\n\n\n<p><\/p>\n\n\n\n<p><\/p>\n\n\n\n<p><\/p>\n\n\n\n<p><\/p>\n\n\n\n<p><\/p>\n\n\n\n<p><\/p>\n\n\n\n<p><\/p>\n\n\n\n<p><\/p>\n\n\n\n<p><\/p>\n\n\n\n<p><\/p>\n","protected":false},"excerpt":{"rendered":"<p>PROTECTION DES DONNEES PERSONNELLES Anne S\u00e9chaud Consultants est responsable du traitement des donn\u00e9es personnelles que vous lui confiez. Le pr\u00e9sent [&hellip;]<\/p>\n","protected":false},"author":1,"featured_media":0,"parent":0,"menu_order":0,"comment_status":"closed","ping_status":"closed","template":"","meta":{"site-sidebar-layout":"default","site-content-layout":"","ast-site-content-layout":"default","site-content-style":"default","site-sidebar-style":"default","ast-global-header-display":"","ast-banner-title-visibility":"","ast-main-header-display":"","ast-hfb-above-header-display":"","ast-hfb-below-header-display":"","ast-hfb-mobile-header-display":"","site-post-title":"","ast-breadcrumbs-content":"","ast-featured-img":"","footer-sml-layout":"","ast-disable-related-posts":"","theme-transparent-header-meta":"","adv-header-id-meta":"","stick-header-meta":"","header-above-stick-meta":"","header-main-stick-meta":"","header-below-stick-meta":"","astra-migrate-meta-layouts":"default","ast-page-background-enabled":"default","ast-page-background-meta":{"desktop":{"background-color":"var(--ast-global-color-5)","background-image":"","background-repeat":"repeat","background-position":"center center","background-size":"auto","background-attachment":"scroll","background-type":"","background-media":"","overlay-type":"","overlay-color":"","overlay-opacity":"","overlay-gradient":""},"tablet":{"background-color":"","background-image":"","background-repeat":"repeat","background-position":"center center","background-size":"auto","background-attachment":"scroll","background-type":"","background-media":"","overlay-type":"","overlay-color":"","overlay-opacity":"","overlay-gradient":""},"mobile":{"background-color":"","background-image":"","background-repeat":"repeat","background-position":"center center","background-size":"auto","background-attachment":"scroll","background-type":"","background-media":"","overlay-type":"","overlay-color":"","overlay-opacity":"","overlay-gradient":""}},"ast-content-background-meta":{"desktop":{"background-color":"var(--ast-global-color-4)","background-image":"","background-repeat":"repeat","background-position":"center center","background-size":"auto","background-attachment":"scroll","background-type":"","background-media":"","overlay-type":"","overlay-color":"","overlay-opacity":"","overlay-gradient":""},"tablet":{"background-color":"var(--ast-global-color-4)","background-image":"","background-repeat":"repeat","background-position":"center center","background-size":"auto","background-attachment":"scroll","background-type":"","background-media":"","overlay-type":"","overlay-color":"","overlay-opacity":"","overlay-gradient":""},"mobile":{"background-color":"var(--ast-global-color-4)","background-image":"","background-repeat":"repeat","background-position":"center center","background-size":"auto","background-attachment":"scroll","background-type":"","background-media":"","overlay-type":"","overlay-color":"","overlay-opacity":"","overlay-gradient":""}},"footnotes":""},"class_list":["post-139","page","type-page","status-publish","hentry"],"_links":{"self":[{"href":"https:\/\/anne-sechaud-consultants.fr\/index.php\/wp-json\/wp\/v2\/pages\/139","targetHints":{"allow":["GET"]}}],"collection":[{"href":"https:\/\/anne-sechaud-consultants.fr\/index.php\/wp-json\/wp\/v2\/pages"}],"about":[{"href":"https:\/\/anne-sechaud-consultants.fr\/index.php\/wp-json\/wp\/v2\/types\/page"}],"author":[{"embeddable":true,"href":"https:\/\/anne-sechaud-consultants.fr\/index.php\/wp-json\/wp\/v2\/users\/1"}],"replies":[{"embeddable":true,"href":"https:\/\/anne-sechaud-consultants.fr\/index.php\/wp-json\/wp\/v2\/comments?post=139"}],"version-history":[{"count":1,"href":"https:\/\/anne-sechaud-consultants.fr\/index.php\/wp-json\/wp\/v2\/pages\/139\/revisions"}],"predecessor-version":[{"id":140,"href":"https:\/\/anne-sechaud-consultants.fr\/index.php\/wp-json\/wp\/v2\/pages\/139\/revisions\/140"}],"wp:attachment":[{"href":"https:\/\/anne-sechaud-consultants.fr\/index.php\/wp-json\/wp\/v2\/media?parent=139"}],"curies":[{"name":"wp","href":"https:\/\/api.w.org\/{rel}","templated":true}]}}