{"id":10,"date":"2025-01-26T21:59:35","date_gmt":"2025-01-26T20:59:35","guid":{"rendered":"https:\/\/anne-sechaud-consultants.fr\/?page_id=10"},"modified":"2026-02-17T10:40:51","modified_gmt":"2026-02-17T09:40:51","slug":"accueil","status":"publish","type":"page","link":"https:\/\/anne-sechaud-consultants.fr\/","title":{"rendered":"Accueil"},"content":{"rendered":"\n<div class=\"wp-block-cover alignfull has-medium-font-size wp-duotone-unset-1\" style=\"min-height:720px;aspect-ratio:unset;\"><img loading=\"lazy\" decoding=\"async\" width=\"2560\" height=\"1547\" class=\"wp-block-cover__image-background wp-image-127\" alt=\"\" src=\"https:\/\/anne-sechaud-consultants.fr\/wp-content\/uploads\/2025\/01\/AdobeStock_251619600-scaled.jpeg\" data-object-fit=\"cover\" srcset=\"https:\/\/anne-sechaud-consultants.fr\/wp-content\/uploads\/2025\/01\/AdobeStock_251619600-scaled.jpeg 2560w, https:\/\/anne-sechaud-consultants.fr\/wp-content\/uploads\/2025\/01\/AdobeStock_251619600-300x181.jpeg 300w, https:\/\/anne-sechaud-consultants.fr\/wp-content\/uploads\/2025\/01\/AdobeStock_251619600-1024x619.jpeg 1024w, https:\/\/anne-sechaud-consultants.fr\/wp-content\/uploads\/2025\/01\/AdobeStock_251619600-768x464.jpeg 768w, https:\/\/anne-sechaud-consultants.fr\/wp-content\/uploads\/2025\/01\/AdobeStock_251619600-1536x928.jpeg 1536w, https:\/\/anne-sechaud-consultants.fr\/wp-content\/uploads\/2025\/01\/AdobeStock_251619600-2048x1237.jpeg 2048w\" sizes=\"auto, (max-width: 2560px) 100vw, 2560px\" \/><span aria-hidden=\"true\" class=\"wp-block-cover__background has-ast-global-color-4-background-color has-background-dim\"><\/span><div class=\"wp-block-cover__inner-container is-layout-flow wp-block-cover-is-layout-flow\">\n<div class=\"wp-block-group alignwide is-layout-constrained wp-block-group-is-layout-constrained\">\n<div class=\"wp-block-columns is-layout-flex wp-container-core-columns-is-layout-20bb992b wp-block-columns-is-layout-flex\" style=\"margin-top:0;margin-bottom:0;padding-top:0;padding-right:0;padding-bottom:0;padding-left:0\">\n<div class=\"wp-block-column is-layout-flow wp-block-column-is-layout-flow\" style=\"font-size:11px;flex-basis:15%\">\n<figure class=\"wp-block-image size-full\"><img loading=\"lazy\" decoding=\"async\" width=\"633\" height=\"338\" src=\"https:\/\/anne-sechaud-consultants.fr\/wp-content\/uploads\/2025\/01\/634ec5264648e649b857293c_634d2284862a672c79b84b7f_LogoQualiopi-300dpi-Avec-Marianne.png\" alt=\"\" class=\"wp-image-34\" srcset=\"https:\/\/anne-sechaud-consultants.fr\/wp-content\/uploads\/2025\/01\/634ec5264648e649b857293c_634d2284862a672c79b84b7f_LogoQualiopi-300dpi-Avec-Marianne.png 633w, https:\/\/anne-sechaud-consultants.fr\/wp-content\/uploads\/2025\/01\/634ec5264648e649b857293c_634d2284862a672c79b84b7f_LogoQualiopi-300dpi-Avec-Marianne-300x160.png 300w\" sizes=\"auto, (max-width: 633px) 100vw, 633px\" \/><figcaption class=\"wp-element-caption\"><mark style=\"background-color:rgba(0, 0, 0, 0)\" class=\"has-inline-color has-ast-global-color-1-color\">La certification qualit\u00e9 a \u00e9t\u00e9 d\u00e9livr\u00e9e au titre de la cat\u00e9gorie d\u2019actions suivante: <strong>bilan de comp\u00e9tences<\/strong><\/mark><\/figcaption><\/figure>\n<\/div>\n\n\n\n<div class=\"wp-block-column is-vertically-aligned-stretch is-layout-flow wp-block-column-is-layout-flow\" style=\"flex-basis:85%\">\n<h6 class=\"wp-block-heading has-ast-global-color-2-color has-text-color has-x-large-font-size\"><strong>Bas\u00e9s sur Rennes, <\/strong><br><strong>nous intervenons sur le plan national.<\/strong><\/h6>\n\n\n\n<p class=\"has-ast-global-color-7-color has-text-color has-link-color has-medium-font-size wp-elements-97e85803d514bd6ca991a25e24fbaa0a\" style=\"margin-top:0;margin-bottom:0\"><br>Professionnels de l\u2019humain depuis 1996, notre objectif exclusif est d\u2019optimiser votre performance <\/p>\n\n\n\n<p class=\"has-ast-global-color-7-color has-text-color has-link-color has-medium-font-size wp-elements-0ff2d1043d99f097f275962d33969a0b\" style=\"margin-top:0;margin-bottom:0\">et de garantir votre satisfaction quel que soit votre besoin.&nbsp;<\/p>\n\n\n\n<p class=\"has-ast-global-color-7-color has-text-color has-link-color has-medium-font-size wp-elements-9dcf1c5635079c9ea1977ec4043fec53\" style=\"margin-top:0;margin-bottom:0\">Adaptable et \u00e0 l\u2019\u00e9coute de vos exigences, nous nous engageons \u00e0 respecter nos engagements <\/p>\n\n\n\n<p class=\"has-ast-global-color-7-color has-text-color has-link-color has-medium-font-size wp-elements-edaf6360a0e82b4f05db47e2dd61297d\" style=\"margin-top:0;margin-bottom:0\">et \u00e0 atteindre nos objectifs communs.<\/p>\n\n\n\n<div class=\"wp-block-columns is-layout-flex wp-container-core-columns-is-layout-28f84493 wp-block-columns-is-layout-flex\">\n<div class=\"wp-block-column is-layout-flow wp-block-column-is-layout-flow\"><\/div>\n<\/div>\n<\/div>\n<\/div>\n<\/div>\n<\/div><\/div>\n\n\n\n<div class=\"wp-block-group alignfull is-layout-constrained wp-container-core-group-is-layout-57d86522 wp-block-group-is-layout-constrained\" id=\"services\" style=\"padding-top:41px;padding-bottom:45px\">\n<h2 class=\"wp-block-heading\"><strong>LE CONTEXTE&nbsp;<\/strong><\/h2>\n\n\n\n<p>Dans cette \u00e9poque difficile, nous sommes tous expos\u00e9s aux difficult\u00e9s \u00e9conomiques :<\/p>\n\n\n\n<div class=\"wp-block-columns is-layout-flex wp-container-core-columns-is-layout-60cbf9bb wp-block-columns-is-layout-flex\" style=\"margin-top:50px\">\n<div class=\"wp-block-column is-layout-flow wp-container-core-column-is-layout-6b73ce23 wp-block-column-is-layout-flow\">\n<figure class=\"wp-block-image size-full has-custom-border\" style=\"margin-right:var(--wp--preset--spacing--60);margin-left:var(--wp--preset--spacing--60)\"><img loading=\"lazy\" decoding=\"async\" width=\"1607\" height=\"2560\" src=\"https:\/\/anne-sechaud-consultants.fr\/wp-content\/uploads\/2025\/01\/AdobeStock_1032611489-scaled.jpeg\" alt=\"\" class=\"wp-image-144\" style=\"border-style:none;border-width:0px;border-radius:0px;object-fit:cover\" srcset=\"https:\/\/anne-sechaud-consultants.fr\/wp-content\/uploads\/2025\/01\/AdobeStock_1032611489-scaled.jpeg 1607w, https:\/\/anne-sechaud-consultants.fr\/wp-content\/uploads\/2025\/01\/AdobeStock_1032611489-188x300.jpeg 188w, https:\/\/anne-sechaud-consultants.fr\/wp-content\/uploads\/2025\/01\/AdobeStock_1032611489-643x1024.jpeg 643w, https:\/\/anne-sechaud-consultants.fr\/wp-content\/uploads\/2025\/01\/AdobeStock_1032611489-768x1223.jpeg 768w, https:\/\/anne-sechaud-consultants.fr\/wp-content\/uploads\/2025\/01\/AdobeStock_1032611489-964x1536.jpeg 964w, https:\/\/anne-sechaud-consultants.fr\/wp-content\/uploads\/2025\/01\/AdobeStock_1032611489-1286x2048.jpeg 1286w\" sizes=\"auto, (max-width: 1607px) 100vw, 1607px\" \/><\/figure>\n\n\n\n<h3 class=\"wp-block-heading\" style=\"margin-top:16px\">Le <strong>changement<\/strong><\/h3>\n\n\n\n<p>I.A, m\u00e9tiers, technologies, communication&#8230;<\/p>\n<\/div>\n\n\n\n<div class=\"wp-block-column is-layout-flow wp-container-core-column-is-layout-6b73ce23 wp-block-column-is-layout-flow\">\n<figure class=\"wp-block-image size-full\"><img loading=\"lazy\" decoding=\"async\" width=\"2048\" height=\"2560\" src=\"https:\/\/anne-sechaud-consultants.fr\/wp-content\/uploads\/2025\/01\/AdobeStock_1018233240-1-scaled.jpeg\" alt=\"\" class=\"wp-image-147\" srcset=\"https:\/\/anne-sechaud-consultants.fr\/wp-content\/uploads\/2025\/01\/AdobeStock_1018233240-1-scaled.jpeg 2048w, https:\/\/anne-sechaud-consultants.fr\/wp-content\/uploads\/2025\/01\/AdobeStock_1018233240-1-240x300.jpeg 240w, https:\/\/anne-sechaud-consultants.fr\/wp-content\/uploads\/2025\/01\/AdobeStock_1018233240-1-819x1024.jpeg 819w, https:\/\/anne-sechaud-consultants.fr\/wp-content\/uploads\/2025\/01\/AdobeStock_1018233240-1-768x960.jpeg 768w, https:\/\/anne-sechaud-consultants.fr\/wp-content\/uploads\/2025\/01\/AdobeStock_1018233240-1-1229x1536.jpeg 1229w, https:\/\/anne-sechaud-consultants.fr\/wp-content\/uploads\/2025\/01\/AdobeStock_1018233240-1-1638x2048.jpeg 1638w\" sizes=\"auto, (max-width: 2048px) 100vw, 2048px\" \/><\/figure>\n\n\n\n<h3 class=\"wp-block-heading\" style=\"margin-top:16px\">La Concurrence<\/h3>\n\n\n\n<p>Exacerb\u00e9e et mondiale<\/p>\n<\/div>\n\n\n\n<div class=\"wp-block-column is-layout-flow wp-container-core-column-is-layout-6b73ce23 wp-block-column-is-layout-flow\">\n<figure class=\"wp-block-image size-full\"><img loading=\"lazy\" decoding=\"async\" width=\"2048\" height=\"2560\" src=\"http:\/\/anne-sechaud-consultants.fr\/wp-content\/uploads\/2025\/01\/AdobeStock_718097958-scaled.jpeg\" alt=\"\" class=\"wp-image-148\" srcset=\"https:\/\/anne-sechaud-consultants.fr\/wp-content\/uploads\/2025\/01\/AdobeStock_718097958-scaled.jpeg 2048w, https:\/\/anne-sechaud-consultants.fr\/wp-content\/uploads\/2025\/01\/AdobeStock_718097958-240x300.jpeg 240w, https:\/\/anne-sechaud-consultants.fr\/wp-content\/uploads\/2025\/01\/AdobeStock_718097958-819x1024.jpeg 819w, https:\/\/anne-sechaud-consultants.fr\/wp-content\/uploads\/2025\/01\/AdobeStock_718097958-768x960.jpeg 768w, https:\/\/anne-sechaud-consultants.fr\/wp-content\/uploads\/2025\/01\/AdobeStock_718097958-1229x1536.jpeg 1229w\" sizes=\"auto, (max-width: 2048px) 100vw, 2048px\" \/><\/figure>\n\n\n\n<h3 class=\"wp-block-heading\" style=\"margin-top:16px\">La crise sociale<\/h3>\n\n\n\n<p>qui succ\u00e8de \u00e0 une crise \u00e9conomique d\u2019une ampleur sans pr\u00e9c\u00e9dent<\/p>\n<\/div>\n<\/div>\n<\/div>\n\n\n\n<p class=\"has-text-align-center\" style=\"border-style:none;border-width:0px;margin-top:0;margin-bottom:0;padding-top:0;padding-right:0;padding-bottom:0;padding-left:0;font-size:28px\"><strong>Cependant le monde se reconstruit chaque jour avec nous tous.<\/strong><\/p>\n\n\n\n<p class=\"has-text-align-center\" style=\"border-style:none;border-width:0px;margin-top:0;margin-bottom:0;padding-top:0;padding-right:0;padding-bottom:0;padding-left:0;font-size:28px\"><strong>Chacun, m\u00eame au rang le plus modeste, en est l\u2019acteur et le b\u00e2tisseur<\/strong><\/p>\n\n\n\n<h3 class=\"wp-block-heading has-text-align-center\" style=\"padding-top:0;padding-right:0;padding-bottom:0;padding-left:0\"><strong>&nbsp;<\/strong><\/h3>\n\n\n\n<div class=\"wp-block-group alignfull has-ast-global-color-6-background-color has-background is-layout-constrained wp-container-core-group-is-layout-94d206d0 wp-block-group-is-layout-constrained\" id=\"about\" style=\"padding-top:143px;padding-bottom:144px\">\n<div class=\"wp-block-media-text has-media-on-the-right is-stacked-on-mobile is-vertically-aligned-center\"><div class=\"wp-block-media-text__content\">\n<div class=\"inherit-container-width wp-block-group is-layout-constrained wp-container-core-group-is-layout-47ce07ec wp-block-group-is-layout-constrained\" style=\"padding-right:80px\">\n<h2 class=\"wp-block-heading\" style=\"padding-right:40px\"><strong>NOTRE OBJECTIF&nbsp;:<\/strong><\/h2>\n\n\n\n<p><strong>1 &#8211; Vous motiver <\/strong>en profondeur<\/p>\n\n\n\n<p><strong>2 &#8211; Vous int\u00e9grer<\/strong> \u00e0 l\u2019entreprise et \u00e0 l\u2019\u00e9conomie active avec le sens de la valeur travail.<\/p>\n\n\n\n<p><strong>3 &#8211; Vous enrichir<\/strong> de vos comp\u00e9tences retrouv\u00e9es et reconnues.<\/p>\n<\/div>\n<\/div><figure class=\"wp-block-media-text__media\"><img decoding=\"async\" src=\"https:\/\/anne-sechaud-consultants.fr\/wp-content\/themes\/astra\/inc\/assets\/images\/starter-content\/about-us.jpg\" alt=\"\" class=\"wp-image-237 size-full\"\/><\/figure><\/div>\n\n\n\n<p class=\"has-text-align-center has-medium-font-size\" style=\"margin-top:var(--wp--preset--spacing--60);margin-bottom:var(--wp--preset--spacing--60)\">Notre but est d\u2019agir ensemble sur l\u2019essentiel de l\u2019\u00e9conomie, sa ressource humaine,                                                                Source premi\u00e8re de sa \u00ab&nbsp;cr\u00e9ation de valeur&nbsp;\u00bb.<\/p>\n\n\n\n<p class=\"has-text-align-center has-medium-font-size\"><strong>Faisons de notre intervention une r\u00e9ussite collective<\/strong><\/p>\n<\/div>\n\n\n\n<div class=\"wp-block-group alignfull has-ast-global-color-4-background-color has-background is-layout-constrained wp-container-core-group-is-layout-6a2cfb7b wp-block-group-is-layout-constrained\" id=\"reviews\">\n<h3 class=\"wp-block-heading has-text-align-center\">\u201c<strong>La seule fa\u00e7on de faire du bon travail est d\u2019aimer ce que vous faites. Si vous n\u2019avez pas encore trouv\u00e9, continuez \u00e0 chercher.<\/strong>\u201d<\/h3>\n\n\n\n<p class=\"has-text-align-center\"><strong>Steve Jobs<\/strong><\/p>\n<\/div>\n\n\n\n<div class=\"wp-block-group alignfull is-layout-constrained wp-container-core-group-is-layout-c8c86864 wp-block-group-is-layout-constrained\" id=\"whyus\" style=\"padding-top:17px;padding-bottom:17px\">\n<p><\/p>\n\n\n\n<h3 class=\"wp-block-heading alignwide has-text-align-center\"><strong>POUR LE BILAN DE COMP\u00c9TENCES<\/strong>&nbsp;<\/h3>\n\n\n\n<p class=\"has-text-align-center\">CE<strong>RTIFICATION AFNOR &#8211; R\u00e9f\u00e9rentiel National Qualit\u00e9 QUALIOPI &#8211; N\u00b087701.3<\/strong><\/p>\n\n\n\n<p class=\"has-text-align-center\" style=\"margin-top:var(--wp--preset--spacing--30);margin-bottom:var(--wp--preset--spacing--30)\">Organisme r\u00e9f\u00e9renc\u00e9 DataDock<\/p>\n\n\n\n<p class=\"has-text-align-center\" style=\"margin-top:var(--wp--preset--spacing--30);margin-bottom:var(--wp--preset--spacing--30)\"><strong>Indicateur de performance du 01\/01 2025 au 31\/12\/2025 : taux de r\u00e9ussite 100% &#8211; taux d\u2019abandon 0%<\/strong><\/p>\n\n\n\n<p class=\"has-text-align-center\" style=\"margin-top:var(--wp--preset--spacing--30);margin-bottom:var(--wp--preset--spacing--30)\">Prestataire signataire et adh\u00e9rent \u00e0 la charte qualit\u00e9 de la DRTEFP (Direction r\u00e9gionale du travail, de l&#8217;emploi et de la formation professionnelle de Bretagne).<\/p>\n\n\n\n<p class=\"has-text-align-center\" style=\"margin-top:var(--wp--preset--spacing--30);margin-bottom:var(--wp--preset--spacing--30)\">Nous intervenons aupr\u00e8s des entreprises et des particuliers afin d\u2019optimiser : La Ressource Humaine et le potentiel de r\u00e9ussite.<\/p>\n\n\n\n<p class=\"has-text-align-center\"><strong>Formations \u00e0 distance et\/ou en pr\u00e9sentiel<\/strong><\/p>\n\n\n\n<figure class=\"wp-block-image aligncenter size-full\" style=\"margin-top:var(--wp--preset--spacing--70);margin-bottom:var(--wp--preset--spacing--70)\"><img loading=\"lazy\" decoding=\"async\" width=\"595\" height=\"842\" src=\"https:\/\/anne-sechaud-consultants.fr\/wp-content\/uploads\/2025\/01\/certifica2024-QUALIOPI.jpg\" alt=\"\" class=\"wp-image-116\" srcset=\"https:\/\/anne-sechaud-consultants.fr\/wp-content\/uploads\/2025\/01\/certifica2024-QUALIOPI.jpg 595w, https:\/\/anne-sechaud-consultants.fr\/wp-content\/uploads\/2025\/01\/certifica2024-QUALIOPI-212x300.jpg 212w\" sizes=\"auto, (max-width: 595px) 100vw, 595px\" \/><\/figure>\n<\/div>\n\n\n\n<div class=\"wp-block-group alignfull has-ast-global-color-4-color has-ast-global-color-4-background-color has-text-color has-background has-link-color wp-elements-3f87bda762cac133dd4e63bb8781fae7 is-horizontal is-content-justification-center is-nowrap is-layout-flex wp-container-core-group-is-layout-c7fd882b wp-block-group-is-layout-flex\" id=\"contact\" style=\"padding-top:104px;padding-bottom:104px\">\n<iframe src=\"https:\/\/www.google.com\/maps\/embed?pb=!1m18!1m12!1m3!1d2663.295086799368!2d-1.668528823154526!3d48.123832452117355!2m3!1f0!2f0!3f0!3m2!1i1024!2i768!4f13.1!3m3!1m2!1s0x480ede43421c7781%3A0x2837be5832935f5b!2s8%20Bd%20Volney%2C%2035700%20Rennes!5e0!3m2!1sfr!2sfr!4v1738155541245!5m2!1sfr!2sfr\" width=\"300\" height=\"300\" style=\"border:0;\" allowfullscreen=\"\" loading=\"lazy\" referrerpolicy=\"no-referrer-when-downgrade\"><\/iframe>\n\n\n\n<figure class=\"wp-block-table is-style-regular has-medium-font-size\"><table class=\"has-ast-global-color-3-color has-text-color has-link-color\" style=\"border-style:none;border-width:0px\"><thead><tr><th class=\"has-text-align-left\" data-align=\"left\">Contact<\/th><\/tr><\/thead><tbody><tr><td class=\"has-text-align-left\" data-align=\"left\"><strong>Anne Sechaud Consultants<\/strong><br><strong>Tel :<\/strong> 02 99 36 08 17<br><strong>Mobile :<\/strong> 06 07 23 24 89<br><strong>Email :<\/strong> Anne.sechaud01@gmail.com<\/td><\/tr><\/tbody><\/table><\/figure>\n<\/div>\n","protected":false},"excerpt":{"rendered":"<p>LE CONTEXTE&nbsp; Dans cette \u00e9poque difficile, nous sommes tous expos\u00e9s aux difficult\u00e9s \u00e9conomiques : Le changement I.A, m\u00e9tiers, technologies, communication&#8230; [&hellip;]<\/p>\n","protected":false},"author":1,"featured_media":0,"parent":0,"menu_order":0,"comment_status":"closed","ping_status":"closed","template":"","meta":{"site-sidebar-layout":"no-sidebar","site-content-layout":"plain-container","ast-site-content-layout":"","site-content-style":"default","site-sidebar-style":"default","ast-global-header-display":"","ast-banner-title-visibility":"","ast-main-header-display":"","ast-hfb-above-header-display":"","ast-hfb-below-header-display":"","ast-hfb-mobile-header-display":"","site-post-title":"disabled","ast-breadcrumbs-content":"","ast-featured-img":"","footer-sml-layout":"","ast-disable-related-posts":"","theme-transparent-header-meta":"enabled","adv-header-id-meta":"","stick-header-meta":"","header-above-stick-meta":"","header-main-stick-meta":"","header-below-stick-meta":"","astra-migrate-meta-layouts":"default","ast-page-background-enabled":"default","ast-page-background-meta":{"desktop":{"background-color":"var(--ast-global-color-5)","background-image":"","background-repeat":"repeat","background-position":"center center","background-size":"auto","background-attachment":"scroll","background-type":"","background-media":"","overlay-type":"","overlay-color":"","overlay-opacity":"","overlay-gradient":""},"tablet":{"background-color":"","background-image":"","background-repeat":"repeat","background-position":"center center","background-size":"auto","background-attachment":"scroll","background-type":"","background-media":"","overlay-type":"","overlay-color":"","overlay-opacity":"","overlay-gradient":""},"mobile":{"background-color":"","background-image":"","background-repeat":"repeat","background-position":"center center","background-size":"auto","background-attachment":"scroll","background-type":"","background-media":"","overlay-type":"","overlay-color":"","overlay-opacity":"","overlay-gradient":""}},"ast-content-background-meta":{"desktop":{"background-color":"var(--ast-global-color-4)","background-image":"","background-repeat":"repeat","background-position":"center center","background-size":"auto","background-attachment":"scroll","background-type":"","background-media":"","overlay-type":"","overlay-color":"","overlay-opacity":"","overlay-gradient":""},"tablet":{"background-color":"var(--ast-global-color-4)","background-image":"","background-repeat":"repeat","background-position":"center center","background-size":"auto","background-attachment":"scroll","background-type":"","background-media":"","overlay-type":"","overlay-color":"","overlay-opacity":"","overlay-gradient":""},"mobile":{"background-color":"var(--ast-global-color-4)","background-image":"","background-repeat":"repeat","background-position":"center center","background-size":"auto","background-attachment":"scroll","background-type":"","background-media":"","overlay-type":"","overlay-color":"","overlay-opacity":"","overlay-gradient":""}},"footnotes":""},"class_list":["post-10","page","type-page","status-publish","hentry"],"_links":{"self":[{"href":"https:\/\/anne-sechaud-consultants.fr\/index.php\/wp-json\/wp\/v2\/pages\/10","targetHints":{"allow":["GET"]}}],"collection":[{"href":"https:\/\/anne-sechaud-consultants.fr\/index.php\/wp-json\/wp\/v2\/pages"}],"about":[{"href":"https:\/\/anne-sechaud-consultants.fr\/index.php\/wp-json\/wp\/v2\/types\/page"}],"author":[{"embeddable":true,"href":"https:\/\/anne-sechaud-consultants.fr\/index.php\/wp-json\/wp\/v2\/users\/1"}],"replies":[{"embeddable":true,"href":"https:\/\/anne-sechaud-consultants.fr\/index.php\/wp-json\/wp\/v2\/comments?post=10"}],"version-history":[{"count":52,"href":"https:\/\/anne-sechaud-consultants.fr\/index.php\/wp-json\/wp\/v2\/pages\/10\/revisions"}],"predecessor-version":[{"id":244,"href":"https:\/\/anne-sechaud-consultants.fr\/index.php\/wp-json\/wp\/v2\/pages\/10\/revisions\/244"}],"wp:attachment":[{"href":"https:\/\/anne-sechaud-consultants.fr\/index.php\/wp-json\/wp\/v2\/media?parent=10"}],"curies":[{"name":"wp","href":"https:\/\/api.w.org\/{rel}","templated":true}]}}